{"id":8954,"date":"2025-01-21T17:25:14","date_gmt":"2025-01-21T16:25:14","guid":{"rendered":"https:\/\/holidayroaming.hu\/?post_type=product&#038;p=8954"},"modified":"2025-01-24T12:22:13","modified_gmt":"2025-01-24T11:22:13","slug":"egyesult-arab-emiratusok-oman-szaud-arabia-2gb","status":"publish","type":"product","link":"https:\/\/teszt.holidayroaming.hu\/en\/esim\/egyesult-arab-emiratusok-oman-szaud-arabia-2gb\/","title":{"rendered":"Egyes\u00fclt Arab Emir\u00e1tusok + Om\u00e1n + Sza\u00fad Ar\u00e1bia 2 GB"},"content":{"rendered":"<p>Egyes\u00fclt Arab Emir\u00e1tusok + Om\u00e1n + Sza\u00fad-Ar\u00e1bia kombin\u00e1lt 2 GB csomag 30 napra.<\/p>\n","protected":false},"excerpt":{"rendered":"<p>Egyes\u00fclt Arab Emir\u00e1tusok + Om\u00e1n + Sza\u00fad Ar\u00e1bia kombin\u00e1lt 2 GB csomag 30 napra.<\/p>\n","protected":false},"featured_media":8962,"template":"","meta":[],"product_brand":[],"product_cat":[62],"product_tag":[491,493,417,496,437],"class_list":{"0":"post-8954","1":"product","2":"type-product","3":"status-publish","4":"has-post-thumbnail","6":"product_cat-azsia","7":"product_tag-dubai","8":"product_tag-dubaj","9":"product_tag-oman","10":"product_tag-saudi-arabia","11":"product_tag-szaud-arabia","13":"first","14":"instock","15":"taxable","16":"shipping-taxable","17":"purchasable","18":"product-type-simple"},"_links":{"self":[{"href":"https:\/\/teszt.holidayroaming.hu\/en\/wp-json\/wp\/v2\/product\/8954","targetHints":{"allow":["GET"]}}],"collection":[{"href":"https:\/\/teszt.holidayroaming.hu\/en\/wp-json\/wp\/v2\/product"}],"about":[{"href":"https:\/\/teszt.holidayroaming.hu\/en\/wp-json\/wp\/v2\/types\/product"}],"version-history":[{"count":4,"href":"https:\/\/teszt.holidayroaming.hu\/en\/wp-json\/wp\/v2\/product\/8954\/revisions"}],"predecessor-version":[{"id":8969,"href":"https:\/\/teszt.holidayroaming.hu\/en\/wp-json\/wp\/v2\/product\/8954\/revisions\/8969"}],"wp:featuredmedia":[{"embeddable":true,"href":"https:\/\/teszt.holidayroaming.hu\/en\/wp-json\/wp\/v2\/media\/8962"}],"wp:attachment":[{"href":"https:\/\/teszt.holidayroaming.hu\/en\/wp-json\/wp\/v2\/media?parent=8954"}],"wp:term":[{"taxonomy":"product_brand","embeddable":true,"href":"https:\/\/teszt.holidayroaming.hu\/en\/wp-json\/wp\/v2\/product_brand?post=8954"},{"taxonomy":"product_cat","embeddable":true,"href":"https:\/\/teszt.holidayroaming.hu\/en\/wp-json\/wp\/v2\/product_cat?post=8954"},{"taxonomy":"product_tag","embeddable":true,"href":"https:\/\/teszt.holidayroaming.hu\/en\/wp-json\/wp\/v2\/product_tag?post=8954"}],"curies":[{"name":"wp","href":"https:\/\/api.w.org\/{rel}","templated":true}]}}