{"id":6518,"date":"2024-04-24T17:43:16","date_gmt":"2024-04-24T15:43:16","guid":{"rendered":"https:\/\/holidayroaming.hu\/?post_type=product&#038;p=6518"},"modified":"2025-02-21T22:22:22","modified_gmt":"2025-02-21T21:22:22","slug":"szamoa-3","status":"publish","type":"product","link":"https:\/\/teszt.holidayroaming.hu\/en\/esim\/szamoa-3\/","title":{"rendered":"Szamoa"},"content":{"rendered":"","protected":false},"excerpt":{"rendered":"<p>Felejtsd el a dr\u00e1ga \u00e9s k\u00e9nyelmetlen roamingot, valamint a nyilv\u00e1nos WiFi h\u00e1l\u00f3zatok keres\u00e9s\u00e9t: szerezd be travel eSIM-edet.<\/p>\n","protected":false},"featured_media":8466,"template":"","meta":[],"product_brand":[],"product_cat":[21],"product_tag":[435],"class_list":{"0":"post-6518","1":"product","2":"type-product","3":"status-publish","4":"has-post-thumbnail","6":"product_cat-afrika","7":"product_tag-szamoa","9":"first","10":"instock","11":"taxable","12":"shipping-taxable","13":"purchasable","14":"product-type-simple"},"_links":{"self":[{"href":"https:\/\/teszt.holidayroaming.hu\/en\/wp-json\/wp\/v2\/product\/6518","targetHints":{"allow":["GET"]}}],"collection":[{"href":"https:\/\/teszt.holidayroaming.hu\/en\/wp-json\/wp\/v2\/product"}],"about":[{"href":"https:\/\/teszt.holidayroaming.hu\/en\/wp-json\/wp\/v2\/types\/product"}],"version-history":[{"count":3,"href":"https:\/\/teszt.holidayroaming.hu\/en\/wp-json\/wp\/v2\/product\/6518\/revisions"}],"predecessor-version":[{"id":9064,"href":"https:\/\/teszt.holidayroaming.hu\/en\/wp-json\/wp\/v2\/product\/6518\/revisions\/9064"}],"wp:featuredmedia":[{"embeddable":true,"href":"https:\/\/teszt.holidayroaming.hu\/en\/wp-json\/wp\/v2\/media\/8466"}],"wp:attachment":[{"href":"https:\/\/teszt.holidayroaming.hu\/en\/wp-json\/wp\/v2\/media?parent=6518"}],"wp:term":[{"taxonomy":"product_brand","embeddable":true,"href":"https:\/\/teszt.holidayroaming.hu\/en\/wp-json\/wp\/v2\/product_brand?post=6518"},{"taxonomy":"product_cat","embeddable":true,"href":"https:\/\/teszt.holidayroaming.hu\/en\/wp-json\/wp\/v2\/product_cat?post=6518"},{"taxonomy":"product_tag","embeddable":true,"href":"https:\/\/teszt.holidayroaming.hu\/en\/wp-json\/wp\/v2\/product_tag?post=6518"}],"curies":[{"name":"wp","href":"https:\/\/api.w.org\/{rel}","templated":true}]}}