{"id":6490,"date":"2024-04-24T17:43:11","date_gmt":"2024-04-24T15:43:11","guid":{"rendered":"https:\/\/holidayroaming.hu\/?post_type=product&#038;p=6490"},"modified":"2025-02-21T22:22:18","modified_gmt":"2025-02-21T21:22:18","slug":"fulop-szigetek-3","status":"publish","type":"product","link":"https:\/\/teszt.holidayroaming.hu\/en\/esim\/fulop-szigetek-3\/","title":{"rendered":"F\u00fcl\u00f6p-szigetek &#8211; 5 GB &#8211; 30 nap"},"content":{"rendered":"","protected":false},"excerpt":{"rendered":"<p>Felejtsd el a dr\u00e1ga \u00e9s k\u00e9nyelmetlen roamingot, valamint a nyilv\u00e1nos WiFi h\u00e1l\u00f3zatok keres\u00e9s\u00e9t: szerezd be travel eSIM-edet.<\/p>\n","protected":false},"featured_media":8438,"template":"","meta":[],"product_brand":[],"product_cat":[62],"product_tag":[421],"class_list":{"0":"post-6490","1":"product","2":"type-product","3":"status-publish","4":"has-post-thumbnail","6":"product_cat-azsia","7":"product_tag-fulop-szigetek","9":"first","10":"instock","11":"taxable","12":"shipping-taxable","13":"purchasable","14":"product-type-simple"},"_links":{"self":[{"href":"https:\/\/teszt.holidayroaming.hu\/en\/wp-json\/wp\/v2\/product\/6490","targetHints":{"allow":["GET"]}}],"collection":[{"href":"https:\/\/teszt.holidayroaming.hu\/en\/wp-json\/wp\/v2\/product"}],"about":[{"href":"https:\/\/teszt.holidayroaming.hu\/en\/wp-json\/wp\/v2\/types\/product"}],"version-history":[{"count":2,"href":"https:\/\/teszt.holidayroaming.hu\/en\/wp-json\/wp\/v2\/product\/6490\/revisions"}],"predecessor-version":[{"id":8138,"href":"https:\/\/teszt.holidayroaming.hu\/en\/wp-json\/wp\/v2\/product\/6490\/revisions\/8138"}],"wp:featuredmedia":[{"embeddable":true,"href":"https:\/\/teszt.holidayroaming.hu\/en\/wp-json\/wp\/v2\/media\/8438"}],"wp:attachment":[{"href":"https:\/\/teszt.holidayroaming.hu\/en\/wp-json\/wp\/v2\/media?parent=6490"}],"wp:term":[{"taxonomy":"product_brand","embeddable":true,"href":"https:\/\/teszt.holidayroaming.hu\/en\/wp-json\/wp\/v2\/product_brand?post=6490"},{"taxonomy":"product_cat","embeddable":true,"href":"https:\/\/teszt.holidayroaming.hu\/en\/wp-json\/wp\/v2\/product_cat?post=6490"},{"taxonomy":"product_tag","embeddable":true,"href":"https:\/\/teszt.holidayroaming.hu\/en\/wp-json\/wp\/v2\/product_tag?post=6490"}],"curies":[{"name":"wp","href":"https:\/\/api.w.org\/{rel}","templated":true}]}}