{"id":6308,"date":"2024-04-24T17:42:03","date_gmt":"2024-04-24T15:42:03","guid":{"rendered":"https:\/\/holidayroaming.hu\/?post_type=product&#038;p=6308"},"modified":"2025-02-21T22:22:02","modified_gmt":"2025-02-21T21:22:02","slug":"egyiptom-5gb","status":"publish","type":"product","link":"https:\/\/teszt.holidayroaming.hu\/en\/esim\/egyiptom-5gb\/","title":{"rendered":"Egyiptom &#8211; 5 GB &#8211; 30 Nap"},"content":{"rendered":"","protected":false},"excerpt":{"rendered":"<p>Felejtsd el a dr\u00e1ga \u00e9s k\u00e9nyelmetlen roamingot, valamint a nyilv\u00e1nos WiFi h\u00e1l\u00f3zatok keres\u00e9s\u00e9t: szerezd be travel eSIM-edet.<\/p>\n","protected":false},"featured_media":7043,"template":"","meta":[],"product_brand":[],"product_cat":[150],"product_tag":[342],"class_list":{"0":"post-6308","1":"product","2":"type-product","3":"status-publish","4":"has-post-thumbnail","6":"product_cat-egyiptom","7":"product_tag-egyiptom","9":"first","10":"instock","11":"taxable","12":"shipping-taxable","13":"purchasable","14":"product-type-simple"},"_links":{"self":[{"href":"https:\/\/teszt.holidayroaming.hu\/en\/wp-json\/wp\/v2\/product\/6308","targetHints":{"allow":["GET"]}}],"collection":[{"href":"https:\/\/teszt.holidayroaming.hu\/en\/wp-json\/wp\/v2\/product"}],"about":[{"href":"https:\/\/teszt.holidayroaming.hu\/en\/wp-json\/wp\/v2\/types\/product"}],"version-history":[{"count":3,"href":"https:\/\/teszt.holidayroaming.hu\/en\/wp-json\/wp\/v2\/product\/6308\/revisions"}],"predecessor-version":[{"id":7049,"href":"https:\/\/teszt.holidayroaming.hu\/en\/wp-json\/wp\/v2\/product\/6308\/revisions\/7049"}],"wp:featuredmedia":[{"embeddable":true,"href":"https:\/\/teszt.holidayroaming.hu\/en\/wp-json\/wp\/v2\/media\/7043"}],"wp:attachment":[{"href":"https:\/\/teszt.holidayroaming.hu\/en\/wp-json\/wp\/v2\/media?parent=6308"}],"wp:term":[{"taxonomy":"product_brand","embeddable":true,"href":"https:\/\/teszt.holidayroaming.hu\/en\/wp-json\/wp\/v2\/product_brand?post=6308"},{"taxonomy":"product_cat","embeddable":true,"href":"https:\/\/teszt.holidayroaming.hu\/en\/wp-json\/wp\/v2\/product_cat?post=6308"},{"taxonomy":"product_tag","embeddable":true,"href":"https:\/\/teszt.holidayroaming.hu\/en\/wp-json\/wp\/v2\/product_tag?post=6308"}],"curies":[{"name":"wp","href":"https:\/\/api.w.org\/{rel}","templated":true}]}}