{"id":6172,"date":"2024-04-24T17:41:00","date_gmt":"2024-04-24T15:41:00","guid":{"rendered":"https:\/\/holidayroaming.hu\/?post_type=product&#038;p=6172"},"modified":"2025-02-21T22:21:51","modified_gmt":"2025-02-21T21:21:51","slug":"thaifold-3","status":"publish","type":"product","link":"https:\/\/teszt.holidayroaming.hu\/en\/esim\/thaifold-3\/","title":{"rendered":"Thaif\u00f6ld &#8211; 3 GB &#8211; 30 nap"},"content":{"rendered":"","protected":false},"excerpt":{"rendered":"<p>Felejtsd el a dr\u00e1ga \u00e9s k\u00e9nyelmetlen roamingot, valamint a nyilv\u00e1nos WiFi h\u00e1l\u00f3zatok keres\u00e9s\u00e9t: szerezd be travel eSIM-edet.<\/p>\n","protected":false},"featured_media":8508,"template":"","meta":[],"product_brand":[],"product_cat":[62],"product_tag":[93],"class_list":{"0":"post-6172","1":"product","2":"type-product","3":"status-publish","4":"has-post-thumbnail","6":"product_cat-azsia","7":"product_tag-thaifold","9":"first","10":"instock","11":"taxable","12":"shipping-taxable","13":"purchasable","14":"product-type-simple"},"_links":{"self":[{"href":"https:\/\/teszt.holidayroaming.hu\/en\/wp-json\/wp\/v2\/product\/6172","targetHints":{"allow":["GET"]}}],"collection":[{"href":"https:\/\/teszt.holidayroaming.hu\/en\/wp-json\/wp\/v2\/product"}],"about":[{"href":"https:\/\/teszt.holidayroaming.hu\/en\/wp-json\/wp\/v2\/types\/product"}],"version-history":[{"count":2,"href":"https:\/\/teszt.holidayroaming.hu\/en\/wp-json\/wp\/v2\/product\/6172\/revisions"}],"predecessor-version":[{"id":7992,"href":"https:\/\/teszt.holidayroaming.hu\/en\/wp-json\/wp\/v2\/product\/6172\/revisions\/7992"}],"wp:featuredmedia":[{"embeddable":true,"href":"https:\/\/teszt.holidayroaming.hu\/en\/wp-json\/wp\/v2\/media\/8508"}],"wp:attachment":[{"href":"https:\/\/teszt.holidayroaming.hu\/en\/wp-json\/wp\/v2\/media?parent=6172"}],"wp:term":[{"taxonomy":"product_brand","embeddable":true,"href":"https:\/\/teszt.holidayroaming.hu\/en\/wp-json\/wp\/v2\/product_brand?post=6172"},{"taxonomy":"product_cat","embeddable":true,"href":"https:\/\/teszt.holidayroaming.hu\/en\/wp-json\/wp\/v2\/product_cat?post=6172"},{"taxonomy":"product_tag","embeddable":true,"href":"https:\/\/teszt.holidayroaming.hu\/en\/wp-json\/wp\/v2\/product_tag?post=6172"}],"curies":[{"name":"wp","href":"https:\/\/api.w.org\/{rel}","templated":true}]}}