{"id":5834,"date":"2024-04-24T17:39:00","date_gmt":"2024-04-24T15:39:00","guid":{"rendered":"https:\/\/holidayroaming.hu\/?post_type=product&#038;p=5834"},"modified":"2025-02-21T22:21:20","modified_gmt":"2025-02-21T21:21:20","slug":"ormenyorszag-2","status":"publish","type":"product","link":"https:\/\/teszt.holidayroaming.hu\/en\/esim\/ormenyorszag-2\/","title":{"rendered":"\u00d6rm\u00e9nyorsz\u00e1g &#8211; 3 GB &#8211; 30 nap"},"content":{"rendered":"","protected":false},"excerpt":{"rendered":"<p>Felejtsd el a dr\u00e1ga \u00e9s k\u00e9nyelmetlen roamingot, valamint a nyilv\u00e1nos WiFi h\u00e1l\u00f3zatok keres\u00e9s\u00e9t: szerezd be travel eSIM-edet.<\/p>\n","protected":false},"featured_media":8200,"template":"","meta":[],"product_brand":[],"product_cat":[62],"product_tag":[312],"class_list":{"0":"post-5834","1":"product","2":"type-product","3":"status-publish","4":"has-post-thumbnail","6":"product_cat-azsia","7":"product_tag-ormenyorszag","9":"first","10":"instock","11":"taxable","12":"shipping-taxable","13":"purchasable","14":"product-type-simple"},"_links":{"self":[{"href":"https:\/\/teszt.holidayroaming.hu\/en\/wp-json\/wp\/v2\/product\/5834","targetHints":{"allow":["GET"]}}],"collection":[{"href":"https:\/\/teszt.holidayroaming.hu\/en\/wp-json\/wp\/v2\/product"}],"about":[{"href":"https:\/\/teszt.holidayroaming.hu\/en\/wp-json\/wp\/v2\/types\/product"}],"version-history":[{"count":2,"href":"https:\/\/teszt.holidayroaming.hu\/en\/wp-json\/wp\/v2\/product\/5834\/revisions"}],"predecessor-version":[{"id":7835,"href":"https:\/\/teszt.holidayroaming.hu\/en\/wp-json\/wp\/v2\/product\/5834\/revisions\/7835"}],"wp:featuredmedia":[{"embeddable":true,"href":"https:\/\/teszt.holidayroaming.hu\/en\/wp-json\/wp\/v2\/media\/8200"}],"wp:attachment":[{"href":"https:\/\/teszt.holidayroaming.hu\/en\/wp-json\/wp\/v2\/media?parent=5834"}],"wp:term":[{"taxonomy":"product_brand","embeddable":true,"href":"https:\/\/teszt.holidayroaming.hu\/en\/wp-json\/wp\/v2\/product_brand?post=5834"},{"taxonomy":"product_cat","embeddable":true,"href":"https:\/\/teszt.holidayroaming.hu\/en\/wp-json\/wp\/v2\/product_cat?post=5834"},{"taxonomy":"product_tag","embeddable":true,"href":"https:\/\/teszt.holidayroaming.hu\/en\/wp-json\/wp\/v2\/product_tag?post=5834"}],"curies":[{"name":"wp","href":"https:\/\/api.w.org\/{rel}","templated":true}]}}